{"id":4792,"date":"2024-01-01T10:00:00","date_gmt":"2024-01-01T16:00:00","guid":{"rendered":"https:\/\/beniteztpr.com\/shop\/?page_id=4792"},"modified":"2024-03-12T01:39:03","modified_gmt":"2024-03-12T07:39:03","slug":"aviso-legal","status":"publish","type":"page","link":"https:\/\/beniteztpr.com\/shop\/aviso-legal\/","title":{"rendered":"Aviso Legal"},"content":{"rendered":"\n<div class=\"wp-block-uagb-container uagb-block-ee061e8d alignfull uagb-is-root-container\"><div class=\"uagb-container-inner-blocks-wrap\">\n<div class=\"wp-block-uagb-advanced-heading uagb-block-1f1a51cf\"><h1 class=\"uagb-heading-text\">Aviso Legal<\/h1><\/div>\n\n\n\n<div class=\"wp-block-uagb-separator uagb-block-7d4339f9\"><div class=\"wp-block-uagb-separator__inner\" style=\"--my-background-image:\"><\/div><\/div>\n<\/div><\/div>\n\n\n\n<div class=\"wp-block-uagb-container uagb-block-afb2f0ca alignfull uagb-is-root-container\"><div class=\"uagb-container-inner-blocks-wrap\">\n<div class=\"wp-block-uagb-container uagb-block-22c84a5f\"><\/div>\n\n\n\n<div class=\"wp-block-uagb-container uagb-block-a6fc0949\">\n<p>Se hace de su conocimiento que la <strong>TINTAS BENITEZ<\/strong> cuenta con los debidos recaudos legales para poder operar en el territorio nacional (M\u00e9xico), ya que se cuenta con el registro ante las autoridades mexicanas los cuales son:<\/p>\n\n\n\n<ul class=\"wp-block-list\">\n<li>Registro Federal de Contribuyentes (RFC) ante la Secretar\u00eda de Hacienda y Cr\u00e9dito P\u00fablico bajo tutela del Servicio de Administraci\u00f3n Tributaria (SAT).<\/li>\n\n\n\n<li>Licencia Municipal de uso de suelo para poder operar un establecimiento al P\u00fablico.<\/li>\n\n\n\n<li>Registro Patronal \u00danico (RPU) ante el Instituto Mexicano del Seguro Social (IMSS) para cumplir con el derecho de sus trabajadores a los servicios del seguro social y pensi\u00f3n para su retiro.<\/li>\n\n\n\n<li>Cumplir con las cuotas patronales al Instituto del Fondo Nacional de la Vivienda para los Trabajadores (INFONAVIT).<\/li>\n\n\n\n<li>Afiliaci\u00f3n al Instituto del Fondo Nacional para el Consumo de los Trabajadores (FONACOT).<\/li>\n\n\n\n<li>Cumplir con las Normas y Reglamentaciones de Ley Federal de Protecci\u00f3n al Consumidor (LFPC) que es vigilada por la Procuradur\u00eda Federal del Consumidor (PROFECO).<\/li>\n\n\n\n<li>Entre otros registros y afiliaciones en otros organismos p\u00fablicos o aplicaci\u00f3n de leyes, no enunciativos.&nbsp;<\/li>\n<\/ul>\n\n\n\n<p>Todos los materiales contenidos en este sitio (incluyendo, pero no limitado a, texto, logotipos, contenido, im\u00e1genes [animadas y est\u00e1ticas], \u00edconos y fotograf\u00edas, entre otros) est\u00e1n protegidos por las leyes de Derechos de Autor y Propiedad Industrial, tanto nacionales como internacionales.<\/p>\n\n\n\n<p>En relaci\u00f3n con todo lo contenido en el sitio, se proh\u00edbe la reproducci\u00f3n, uso, copia, impresi\u00f3n, distribuci\u00f3n, publicaci\u00f3n, traducci\u00f3n, adaptaci\u00f3n, reordenaci\u00f3n y cualquier otro uso o modificaci\u00f3n total o parcial de los datos y obras contenidos en este sitio, por cualquier medio y de cualquier forma.<\/p>\n\n\n\n<p>La prohibici\u00f3n de copia, a la que se hace alusi\u00f3n en el p\u00e1rrafo anterior, no tendr\u00e1 validez, de forma exclusiva y limitada, respecto a la informaci\u00f3n contenida en los Boletines Informativos, Suscripciones y Foros de <strong>TINTAS BENITEZ<\/strong>, los cuales podr\u00e1n ser reproducidos exclusivamente al cumplir con los siguientes requisitos:<\/p>\n\n\n\n<ul class=\"wp-block-list\">\n<li>El material podr\u00e1 ser utilizado s\u00f3lo para uso personal o educativo, no lucrativo ni comercial.<\/li>\n\n\n\n<li>Se debe incluir la leyenda de copyrights, marcas registradas o derechos reservados, haciendo alusi\u00f3n a <strong>Mario Hernandez<\/strong>, es decir <strong>Copyright \u00a9 Todos los derechos reservados.<\/strong><\/li>\n\n\n\n<li>Se env\u00ede un correo electr\u00f3nico a <strong>legal@beniteztpr.com<\/strong> dando aviso de qu\u00e9 informaci\u00f3n se va a utilizar, as\u00ed como su prop\u00f3sito.<\/li>\n<\/ul>\n\n\n\n<p>As\u00ed mismo los logotipos, contenido, im\u00e1genes [animadas y est\u00e1ticas], \u00edconos y fotograf\u00edas, entre otros de terceros s\u00f3lo forman parte del material demostrativo para los servicios o productos que <strong>TINTAS BENITEZ<\/strong> ofrece a sus clientes, posibles clientes y visitantes del sitio en internet o redes sociales de la misma, por lo que se reconocen los Derechos y Marcas registradas de los propietarios y no se ostentan como propias.<\/p>\n\n\n\n<p class=\"has-text-align-right\">Para cualquier asunto relacionado con este Aviso Legal, contacte a <strong>legal@beniteztpr.com<\/strong><\/p>\n<\/div>\n\n\n\n<div class=\"wp-block-uagb-container uagb-block-03e3dd33\"><\/div>\n<\/div><\/div>\n","protected":false},"excerpt":{"rendered":"<p>Aviso Legal Se hace de su conocimiento que la TINTAS BENITEZ cuenta con los debidos recaudos legales para poder operar en el territorio nacional (M\u00e9xico), ya que se cuenta con el registro ante las autoridades mexicanas los cuales son: Todos los materiales contenidos en este sitio (incluyendo, pero no limitado a, texto, logotipos, contenido, im\u00e1genes [&hellip;]<\/p>\n","protected":false},"author":1,"featured_media":0,"parent":0,"menu_order":0,"comment_status":"closed","ping_status":"closed","template":"","meta":{"_uag_custom_page_level_css":"","site-sidebar-layout":"default","site-content-layout":"","ast-site-content-layout":"default","site-content-style":"default","site-sidebar-style":"default","ast-global-header-display":"","ast-banner-title-visibility":"","ast-main-header-display":"","ast-hfb-above-header-display":"","ast-hfb-below-header-display":"","ast-hfb-mobile-header-display":"","site-post-title":"disabled","ast-breadcrumbs-content":"","ast-featured-img":"","footer-sml-layout":"","ast-disable-related-posts":"","theme-transparent-header-meta":"","adv-header-id-meta":"","stick-header-meta":"","header-above-stick-meta":"","header-main-stick-meta":"","header-below-stick-meta":"","astra-migrate-meta-layouts":"set","ast-page-background-enabled":"default","ast-page-background-meta":{"desktop":{"background-color":"","background-image":"","background-repeat":"repeat","background-position":"center center","background-size":"auto","background-attachment":"scroll","background-type":"","background-media":"","overlay-type":"","overlay-color":"","overlay-opacity":"","overlay-gradient":""},"tablet":{"background-color":"","background-image":"","background-repeat":"repeat","background-position":"center center","background-size":"auto","background-attachment":"scroll","background-type":"","background-media":"","overlay-type":"","overlay-color":"","overlay-opacity":"","overlay-gradient":""},"mobile":{"background-color":"","background-image":"","background-repeat":"repeat","background-position":"center center","background-size":"auto","background-attachment":"scroll","background-type":"","background-media":"","overlay-type":"","overlay-color":"","overlay-opacity":"","overlay-gradient":""}},"ast-content-background-meta":{"desktop":{"background-color":"var(--ast-global-color-5)","background-image":"","background-repeat":"repeat","background-position":"center center","background-size":"auto","background-attachment":"scroll","background-type":"","background-media":"","overlay-type":"","overlay-color":"","overlay-opacity":"","overlay-gradient":""},"tablet":{"background-color":"var(--ast-global-color-5)","background-image":"","background-repeat":"repeat","background-position":"center center","background-size":"auto","background-attachment":"scroll","background-type":"","background-media":"","overlay-type":"","overlay-color":"","overlay-opacity":"","overlay-gradient":""},"mobile":{"background-color":"var(--ast-global-color-5)","background-image":"","background-repeat":"repeat","background-position":"center center","background-size":"auto","background-attachment":"scroll","background-type":"","background-media":"","overlay-type":"","overlay-color":"","overlay-opacity":"","overlay-gradient":""}},"footnotes":""},"class_list":["post-4792","page","type-page","status-publish","hentry"],"yoast_head":"<!-- This site is optimized with the Yoast SEO plugin v27.0 - https:\/\/yoast.com\/product\/yoast-seo-wordpress\/ -->\n<title>Aviso Legal - Tienda Tintas Ben\u00edtez<\/title>\n<meta name=\"robots\" content=\"index, follow, max-snippet:-1, max-image-preview:large, max-video-preview:-1\" \/>\n<link rel=\"canonical\" href=\"https:\/\/beniteztpr.com\/shop\/aviso-legal\/\" \/>\n<meta property=\"og:locale\" content=\"es_ES\" \/>\n<meta property=\"og:type\" content=\"article\" \/>\n<meta property=\"og:title\" content=\"Aviso Legal - Tienda Tintas Ben\u00edtez\" \/>\n<meta property=\"og:description\" content=\"Aviso Legal Se hace de su conocimiento que la TINTAS BENITEZ cuenta con los debidos recaudos legales para poder operar en el territorio nacional (M\u00e9xico), ya que se cuenta con el registro ante las autoridades mexicanas los cuales son: Todos los materiales contenidos en este sitio (incluyendo, pero no limitado a, texto, logotipos, contenido, im\u00e1genes [&hellip;]\" \/>\n<meta property=\"og:url\" content=\"https:\/\/beniteztpr.com\/shop\/aviso-legal\/\" \/>\n<meta property=\"og:site_name\" content=\"Tienda Tintas Ben\u00edtez\" \/>\n<meta property=\"article:publisher\" content=\"https:\/\/www.facebook.com\/tintasbenitez\" \/>\n<meta property=\"article:modified_time\" content=\"2024-03-12T07:39:03+00:00\" \/>\n<meta name=\"twitter:card\" content=\"summary_large_image\" \/>\n<meta name=\"twitter:site\" content=\"@TintasBenitez\" \/>\n<meta name=\"twitter:label1\" content=\"Tiempo de lectura\" \/>\n\t<meta name=\"twitter:data1\" content=\"2 minutos\" \/>\n<script type=\"application\/ld+json\" class=\"yoast-schema-graph\">{\"@context\":\"https:\/\/schema.org\",\"@graph\":[{\"@type\":\"WebPage\",\"@id\":\"https:\/\/beniteztpr.com\/shop\/aviso-legal\/\",\"url\":\"https:\/\/beniteztpr.com\/shop\/aviso-legal\/\",\"name\":\"Aviso Legal - Tienda Tintas Ben\u00edtez\",\"isPartOf\":{\"@id\":\"https:\/\/beniteztpr.com\/shop\/#website\"},\"datePublished\":\"2024-01-01T16:00:00+00:00\",\"dateModified\":\"2024-03-12T07:39:03+00:00\",\"breadcrumb\":{\"@id\":\"https:\/\/beniteztpr.com\/shop\/aviso-legal\/#breadcrumb\"},\"inLanguage\":\"es\",\"potentialAction\":[{\"@type\":\"ReadAction\",\"target\":[\"https:\/\/beniteztpr.com\/shop\/aviso-legal\/\"]}]},{\"@type\":\"BreadcrumbList\",\"@id\":\"https:\/\/beniteztpr.com\/shop\/aviso-legal\/#breadcrumb\",\"itemListElement\":[{\"@type\":\"ListItem\",\"position\":1,\"name\":\"Portada\",\"item\":\"https:\/\/beniteztpr.com\/shop\/\"},{\"@type\":\"ListItem\",\"position\":2,\"name\":\"Aviso Legal\"}]},{\"@type\":\"WebSite\",\"@id\":\"https:\/\/beniteztpr.com\/shop\/#website\",\"url\":\"https:\/\/beniteztpr.com\/shop\/\",\"name\":\"Tienda Tintas Ben\u00edtez\",\"description\":\"Compra en linea, Plastisoles, Tintas, Pinturas y Recubrimientos.\",\"publisher\":{\"@id\":\"https:\/\/beniteztpr.com\/shop\/#organization\"},\"potentialAction\":[{\"@type\":\"SearchAction\",\"target\":{\"@type\":\"EntryPoint\",\"urlTemplate\":\"https:\/\/beniteztpr.com\/shop\/?s={search_term_string}\"},\"query-input\":{\"@type\":\"PropertyValueSpecification\",\"valueRequired\":true,\"valueName\":\"search_term_string\"}}],\"inLanguage\":\"es\"},{\"@type\":\"Organization\",\"@id\":\"https:\/\/beniteztpr.com\/shop\/#organization\",\"name\":\"Tintas Ben\u00edtez\",\"url\":\"https:\/\/beniteztpr.com\/shop\/\",\"logo\":{\"@type\":\"ImageObject\",\"inLanguage\":\"es\",\"@id\":\"https:\/\/beniteztpr.com\/shop\/#\/schema\/logo\/image\/\",\"url\":\"https:\/\/beniteztpr.com\/shop\/wp-content\/uploads\/2024\/03\/Logo_Benitez_1920x1080_SF.png\",\"contentUrl\":\"https:\/\/beniteztpr.com\/shop\/wp-content\/uploads\/2024\/03\/Logo_Benitez_1920x1080_SF.png\",\"width\":1920,\"height\":1080,\"caption\":\"Tintas Ben\u00edtez\"},\"image\":{\"@id\":\"https:\/\/beniteztpr.com\/shop\/#\/schema\/logo\/image\/\"},\"sameAs\":[\"https:\/\/www.facebook.com\/tintasbenitez\",\"https:\/\/x.com\/TintasBenitez\",\"https:\/\/www.instagram.com\/tintasbenitez\/\",\"https:\/\/www.tiktok.com\/@tintasbenitez\",\"https:\/\/www.youtube.com\/@tintasbenitez\"]}]}<\/script>\n<!-- \/ Yoast SEO plugin. -->","yoast_head_json":{"title":"Aviso Legal - Tienda Tintas Ben\u00edtez","robots":{"index":"index","follow":"follow","max-snippet":"max-snippet:-1","max-image-preview":"max-image-preview:large","max-video-preview":"max-video-preview:-1"},"canonical":"https:\/\/beniteztpr.com\/shop\/aviso-legal\/","og_locale":"es_ES","og_type":"article","og_title":"Aviso Legal - Tienda Tintas Ben\u00edtez","og_description":"Aviso Legal Se hace de su conocimiento que la TINTAS BENITEZ cuenta con los debidos recaudos legales para poder operar en el territorio nacional (M\u00e9xico), ya que se cuenta con el registro ante las autoridades mexicanas los cuales son: Todos los materiales contenidos en este sitio (incluyendo, pero no limitado a, texto, logotipos, contenido, im\u00e1genes [&hellip;]","og_url":"https:\/\/beniteztpr.com\/shop\/aviso-legal\/","og_site_name":"Tienda Tintas Ben\u00edtez","article_publisher":"https:\/\/www.facebook.com\/tintasbenitez","article_modified_time":"2024-03-12T07:39:03+00:00","twitter_card":"summary_large_image","twitter_site":"@TintasBenitez","twitter_misc":{"Tiempo de lectura":"2 minutos"},"schema":{"@context":"https:\/\/schema.org","@graph":[{"@type":"WebPage","@id":"https:\/\/beniteztpr.com\/shop\/aviso-legal\/","url":"https:\/\/beniteztpr.com\/shop\/aviso-legal\/","name":"Aviso Legal - Tienda Tintas Ben\u00edtez","isPartOf":{"@id":"https:\/\/beniteztpr.com\/shop\/#website"},"datePublished":"2024-01-01T16:00:00+00:00","dateModified":"2024-03-12T07:39:03+00:00","breadcrumb":{"@id":"https:\/\/beniteztpr.com\/shop\/aviso-legal\/#breadcrumb"},"inLanguage":"es","potentialAction":[{"@type":"ReadAction","target":["https:\/\/beniteztpr.com\/shop\/aviso-legal\/"]}]},{"@type":"BreadcrumbList","@id":"https:\/\/beniteztpr.com\/shop\/aviso-legal\/#breadcrumb","itemListElement":[{"@type":"ListItem","position":1,"name":"Portada","item":"https:\/\/beniteztpr.com\/shop\/"},{"@type":"ListItem","position":2,"name":"Aviso Legal"}]},{"@type":"WebSite","@id":"https:\/\/beniteztpr.com\/shop\/#website","url":"https:\/\/beniteztpr.com\/shop\/","name":"Tienda Tintas Ben\u00edtez","description":"Compra en linea, Plastisoles, Tintas, Pinturas y Recubrimientos.","publisher":{"@id":"https:\/\/beniteztpr.com\/shop\/#organization"},"potentialAction":[{"@type":"SearchAction","target":{"@type":"EntryPoint","urlTemplate":"https:\/\/beniteztpr.com\/shop\/?s={search_term_string}"},"query-input":{"@type":"PropertyValueSpecification","valueRequired":true,"valueName":"search_term_string"}}],"inLanguage":"es"},{"@type":"Organization","@id":"https:\/\/beniteztpr.com\/shop\/#organization","name":"Tintas Ben\u00edtez","url":"https:\/\/beniteztpr.com\/shop\/","logo":{"@type":"ImageObject","inLanguage":"es","@id":"https:\/\/beniteztpr.com\/shop\/#\/schema\/logo\/image\/","url":"https:\/\/beniteztpr.com\/shop\/wp-content\/uploads\/2024\/03\/Logo_Benitez_1920x1080_SF.png","contentUrl":"https:\/\/beniteztpr.com\/shop\/wp-content\/uploads\/2024\/03\/Logo_Benitez_1920x1080_SF.png","width":1920,"height":1080,"caption":"Tintas Ben\u00edtez"},"image":{"@id":"https:\/\/beniteztpr.com\/shop\/#\/schema\/logo\/image\/"},"sameAs":["https:\/\/www.facebook.com\/tintasbenitez","https:\/\/x.com\/TintasBenitez","https:\/\/www.instagram.com\/tintasbenitez\/","https:\/\/www.tiktok.com\/@tintasbenitez","https:\/\/www.youtube.com\/@tintasbenitez"]}]}},"uagb_featured_image_src":{"full":false,"thumbnail":false,"medium":false,"medium_large":false,"large":false,"1536x1536":false,"2048x2048":false,"woocommerce_thumbnail":false,"woocommerce_single":false,"woocommerce_gallery_thumbnail":false},"uagb_author_info":{"display_name":"Direcci\u00f3n General","author_link":"https:\/\/beniteztpr.com\/shop\/author\/admin-st0r3-tb2025-2\/"},"uagb_comment_info":0,"uagb_excerpt":"Aviso Legal Se hace de su conocimiento que la TINTAS BENITEZ cuenta con los debidos recaudos legales para poder operar en el territorio nacional (M\u00e9xico), ya que se cuenta con el registro ante las autoridades mexicanas los cuales son: Todos los materiales contenidos en este sitio (incluyendo, pero no limitado a, texto, logotipos, contenido, im\u00e1genes&hellip;","_links":{"self":[{"href":"https:\/\/beniteztpr.com\/shop\/wp-json\/wp\/v2\/pages\/4792","targetHints":{"allow":["GET"]}}],"collection":[{"href":"https:\/\/beniteztpr.com\/shop\/wp-json\/wp\/v2\/pages"}],"about":[{"href":"https:\/\/beniteztpr.com\/shop\/wp-json\/wp\/v2\/types\/page"}],"author":[{"embeddable":true,"href":"https:\/\/beniteztpr.com\/shop\/wp-json\/wp\/v2\/users\/1"}],"replies":[{"embeddable":true,"href":"https:\/\/beniteztpr.com\/shop\/wp-json\/wp\/v2\/comments?post=4792"}],"version-history":[{"count":3,"href":"https:\/\/beniteztpr.com\/shop\/wp-json\/wp\/v2\/pages\/4792\/revisions"}],"predecessor-version":[{"id":4818,"href":"https:\/\/beniteztpr.com\/shop\/wp-json\/wp\/v2\/pages\/4792\/revisions\/4818"}],"wp:attachment":[{"href":"https:\/\/beniteztpr.com\/shop\/wp-json\/wp\/v2\/media?parent=4792"}],"curies":[{"name":"wp","href":"https:\/\/api.w.org\/{rel}","templated":true}]}}